{"id":8,"date":"2014-04-12T16:03:17","date_gmt":"2014-04-12T14:03:17","guid":{"rendered":"http:\/\/mv-leinstetten.de\/?page_id=8"},"modified":"2022-03-22T07:56:49","modified_gmt":"2022-03-22T05:56:49","slug":"kontakt","status":"publish","type":"page","link":"http:\/\/mv-leinstetten.de\/?page_id=8","title":{"rendered":"Kontakt"},"content":{"rendered":"<p>&nbsp;<\/p>\n<table style=\"width: 828px; height: 148px;\" border=\"1\" cellspacing=\"1\" cellpadding=\"1\">\n<tbody>\n<tr>\n<td><strong><span style=\"color: #000000;\">Vorstand Interne Organisation<\/span><\/strong><\/td>\n<td><strong><span style=\"color: #000000;\">Vorstand \u00d6ffentlichkeitsarbeit<\/span><\/strong><\/td>\n<td><strong><span style=\"color: #000000;\">Vorst\u00e4ndin Finanzen &amp; Verwaltung<\/span><\/strong><\/td>\n<td><strong><span style=\"color: #000000;\">Vorst\u00e4ndin Veranstaltungen<\/span><\/strong><\/td>\n<\/tr>\n<tr>\n<td>&nbsp;Julian Bronner<\/td>\n<td>&nbsp; Vakant<\/td>\n<td>Verena G\u00fcnthner<\/td>\n<td>Vakant<\/td>\n<\/tr>\n<tr>\n<td>Schellenbergstr. 5<\/td>\n<td>&nbsp;<\/td>\n<td>Schellenbergstr. 12<\/td>\n<td>&nbsp;<\/td>\n<\/tr>\n<tr>\n<td>72175 Leinstetten<\/td>\n<td>&nbsp;<\/td>\n<td>72175 Leinstetten<\/td>\n<td>&nbsp;<\/td>\n<\/tr>\n<\/tbody>\n<\/table>\n<p>&nbsp;<\/p>\n<p style=\"text-align: center;\"><span style=\"font-size: 20px;\"><span style=\"color: #333333;\">e-mail: <a href=\"mailto:mv-leinstetten@t-online.de\"><span style=\"color: #333333;\">mv-leinstetten@t-online.de<\/span><\/a> <\/span><\/span><\/p>\n","protected":false},"excerpt":{"rendered":"<p>&nbsp; Vorstand Interne Organisation Vorstand \u00d6ffentlichkeitsarbeit Vorst\u00e4ndin Finanzen &amp; Verwaltung Vorst\u00e4ndin Veranstaltungen &nbsp;Julian Bronner &nbsp; Vakant Verena G\u00fcnthner Vakant Schellenbergstr. 5 &nbsp; Schellenbergstr. 12 &nbsp; 72175 Leinstetten &nbsp; 72175 Leinstetten &nbsp; &nbsp; e-mail: mv-leinstetten@t-online.de<\/p>\n","protected":false},"author":1,"featured_media":0,"parent":0,"menu_order":0,"comment_status":"open","ping_status":"open","template":"","meta":[],"_links":{"self":[{"href":"http:\/\/mv-leinstetten.de\/index.php?rest_route=\/wp\/v2\/pages\/8"}],"collection":[{"href":"http:\/\/mv-leinstetten.de\/index.php?rest_route=\/wp\/v2\/pages"}],"about":[{"href":"http:\/\/mv-leinstetten.de\/index.php?rest_route=\/wp\/v2\/types\/page"}],"author":[{"embeddable":true,"href":"http:\/\/mv-leinstetten.de\/index.php?rest_route=\/wp\/v2\/users\/1"}],"replies":[{"embeddable":true,"href":"http:\/\/mv-leinstetten.de\/index.php?rest_route=%2Fwp%2Fv2%2Fcomments&post=8"}],"version-history":[{"count":10,"href":"http:\/\/mv-leinstetten.de\/index.php?rest_route=\/wp\/v2\/pages\/8\/revisions"}],"predecessor-version":[{"id":3445,"href":"http:\/\/mv-leinstetten.de\/index.php?rest_route=\/wp\/v2\/pages\/8\/revisions\/3445"}],"wp:attachment":[{"href":"http:\/\/mv-leinstetten.de\/index.php?rest_route=%2Fwp%2Fv2%2Fmedia&parent=8"}],"curies":[{"name":"wp","href":"https:\/\/api.w.org\/{rel}","templated":true}]}}